{"id":269,"date":"2023-04-20T10:54:49","date_gmt":"2023-04-20T10:54:49","guid":{"rendered":"http:\/\/demo2.alberghielba.net\/?page_id=269"},"modified":"2023-05-05T09:06:58","modified_gmt":"2023-05-05T09:06:58","slug":"capo-stella-margidore","status":"publish","type":"page","link":"https:\/\/www.alberghielba.net\/de\/capo-stella-margidore","title":{"rendered":"Buchen Sie ein Hotel in Capo di Stella und Margidore: erleben Sie Ihren Urlaub auf der Insel Elba!"},"content":{"rendered":"<div id=\"pl-269\"  class=\"panel-layout\" ><div id=\"pg-269-0\"  class=\"panel-grid panel-no-style\" ><div id=\"pgc-269-0-0\"  class=\"panel-grid-cell\" ><div id=\"panel-269-0-0-0\" class=\"so-panel widget widget_enhancedtextwidget widget_text enhanced-text-widget panel-first-child panel-last-child\" data-index=\"0\" ><div class=\"textwidget widget-text\"><link rel=\"stylesheet\" href=\"https:\/\/maxcdn.bootstrapcdn.com\/bootstrap\/3.3.7\/css\/bootstrap.min.css\" integrity=\"sha384-BVYiiSIFeK1dGmJRAkycuHAHRg32OmUcww7on3RYdg4Va+PmSTsz\/K68vbdEjh4u\" crossorigin=\"anonymous\">\r\n<link rel=\"stylesheet\" href=\"https:\/\/cdnjs.cloudflare.com\/ajax\/libs\/bootstrap-datepicker\/1.9.0\/css\/bootstrap-datepicker.min.css\">\r\n\r\n<div id=\"mybar\" class=\"\" data-bottom-start=\"\">\r\n\t<div class=\"container relative\">\r\n\t\t\r\n\t\t<form id=\"searchform\" action=\"\">\r\n\t\t\t<div class=\"form-group\">\r\n\t\t\t\t<div class=\"clearfix\"><\/div>\r\n\t\t\t\t<div class=\"row\" style=\"width:100%;\">\r\n\t\t\t\t\t<div class=\"col-xs-12 col-sm-6 col-md-3 datiMotore\">\r\n\t\t\t\t\t\t<div class=\"controls\">\r\n\t\t\t\t\t\t\t<input style=\"position:relative\" type=\"text\" class=\"floatLabel datepicker input-checkin hasDatepicker\" id=\"dt1\" name=\"bform[checkin]\" readonly=\"true\">\r\n\t\t\t\t\t\t\t<label for=\"arrivo\" class=\"label-date\">\r\n\t\t\t\t\t\t\t\t<span tkey=\"data_arrivo\">Check-in Daten<\/span>\r\n\t\t\t\t\t\t\t<\/label>\r\n\t\t\t\t\t\t<\/div>\r\n\t\t\t\t\t<\/div>\r\n\t\t\t\t\t<div class=\"col-xs-12 col-sm-6 col-md-3 datiMotore\">\r\n\t\t\t\t\t\t<div class=\"controls\">\r\n\t\t\t\t\t\t\t<input type=\"text\" class=\"floatLabel datepicker input-checkout hasDatepicker\" id=\"dt2\" name=\"bform[checkout]\" readonly=\"true\">\r\n\t\t\t\t\t\t\t<label for=\"partenza\" class=\"label-date\">\r\n\t\t\t\t\t\t\t\t<span tkey=\"data_partenza\">Check-out Daten<\/span>\r\n\t\t\t\t\t\t\t<\/label>\r\n\t\t\t\t\t\t<\/div>\r\n\t\t\t\t\t<\/div>\r\n\t\t\t\t\t<div class=\"col-xs-12 col-sm-6 col-md-3 datiMotore\">\r\n\t\t\t\t\t\t<div class=\"controls\">\r\n\t\t\t\t\t\t\t<input id=\"numospiti\" type=\"text\" class=\"floatLabel input-nospiti\" name=\"n_ospiti\" readonly=\"true\" data-toggle=\"modal\" data-target=\"#myModal\" data-backdrop=\"static\" data-keyboard=\"false\" placeholder=\"2 Erwachsene - 0 Kinder\">\r\n\t\t\t\t\t\t\t<label for=\"N.Ospiti\">\r\n\t\t\t\t\t\t\t\t<span tkey=\"n_ospiti\">N.Gast<\/span>\r\n\t\t\t\t\t\t\t<\/label>\r\n\t\t\t\t\t\t<\/div>\r\n\t\t\t\t\t<\/div>\r\n\t\t\t\t\t<div class=\"\">\r\n\t\t\t\t\t\t<!--------------------- BOOTSTRAP MODAL FORM per MOBILE ---------------------------------------------------------------------------------------->\r\n\t\t\t\t\t\t<!-- Modal -->\r\n\t\t\t\t\t\t<div class=\"modal fade\" id=\"myModal\" role=\"dialog\">\r\n\t\t\t\t\t\t\t<div class=\"modal-dialog\">\r\n\t\t\t\t\t\t\t\t<!-- Modal content-->\r\n\t\t\t\t\t\t\t\t<div class=\"modal-content\">\r\n\t\t\t\t\t\t\t\t\t<div class=\"modal-header\">\r\n\t\t\t\t\t\t\t\t\t\t<button type=\"button\" class=\"close\" data-dismiss=\"modal\">\u00d7<\/button>\r\n\t\t\t\t\t\t\t\t\t\t<h4 class=\"modal-title\"><span tkey=\"n_ospiti_per_camera\">N.Gaste pro Zimmer<\/span><\/h4>\r\n\t\t\t\t\t\t\t\t\t<\/div>\r\n\t\t\t\t\t\t\t\t\t<div class=\"modal-body\">\r\n\t\t\t\t\t\t\t\t\t\t<div class=\"col-sm-offset-4 col-sm-4 text-center fix-button\">\r\n\t\t\t\t\t\t\t\t\t\t\t<div class=\"form-group selectcamere\">\r\n\t\t\t\t\t\t\t\t\t\t\t\t<label class=\"center-block labelSel\"><span tkey=\"n_camere\">N.ZIMMER<\/span><\/label>\r\n\t\t\t\t\t\t\t\t\t\t\t\t<select name=\"bform[numRooms]\" class=\"form-control\" id=\"sel-in-modal\" style=\"position:relative;\">\r\n\t\t\t\t\t\t\t\t\t\t\t\t\t<option value=\"1\">1<\/option>\r\n\t\t\t\t\t\t\t\t\t\t\t\t\t<option value=\"2\">2<\/option>\r\n\t\t\t\t\t\t\t\t\t\t\t\t\t<option value=\"3\">3<\/option>\r\n\t\t\t\t\t\t\t\t\t\t\t\t\t<option value=\"4\">4<\/option>\r\n\t\t\t\t\t\t\t\t\t\t\t\t<\/select>\r\n\t\t\t\t\t\t\t\t\t\t\t\t<img decoding=\"async\" src=\"https:\/\/www.alberghielba.net\/wp-content\/uploads\/2023\/04\/select.png\" style=\"position:absolute; right:25px; bottom:30px;\" \/>\r\n\t\t\t\t\t\t\t\t\t\t\t<\/div>\r\n\t\t\t\t\t\t\t\t\t\t\t<div class=\"clearfix\"><\/div>\r\n\t\t\t\t\t\t\t\t\t\t<\/div>\r\n\t\t\t\t\t\t\t\t\t\t<!-- Camera 1 -->\r\n\t\t\t\t\t\t\t\t\t\t<div id=\"camera-row1\" class=\"col-xs-12\">\r\n\t\t\t\t\t\t\t\t\t\t\t<label class=\"col-xs-12 backgroundlabel myl\"><span tkey=\"camera\">Zimmer<\/span> 1<\/label>\r\n\t\t\t\t\t\t\t\t\t\t\t<hr style=\"width:95%; margin:10px auto;\" \/>\r\n\t\t\t\t\t\t\t\t\t\t\t<div class=\"col-xs-6 fix6sx\">\r\n\t\t\t\t\t\t\t\t\t\t\t\t<div class=\"form-group intooltip\">\r\n\t\t\t\t\t\t\t\t\t\t\t\t\t<label class=\"myl\"><span tkey=\"adulti\">Erw.<\/span><\/label>\r\n\t\t\t\t\t\t\t\t\t\t\t\t\t<input id=\"mod-c1-a\" name=\"bform[reqRooms][1][adults]\" type=\"number\" value=\"2\" placeholder=\"numero adulti\" class=\"form-control checknumberA\">\r\n\t\t\t\t\t\t\t\t\t\t\t\t<\/div>\r\n\t\t\t\t\t\t\t\t\t\t\t<\/div>\r\n\t\t\t\t\t\t\t\t\t\t\t<div class=\"col-xs-6 fix6dx\">\r\n\t\t\t\t\t\t\t\t\t\t\t\t<div class=\"form-group intooltip\">\r\n\t\t\t\t\t\t\t\t\t\t\t\t\t<label class=\"myl\"><span tkey=\"bambini\">Kinder<\/span><\/label>\r\n\t\t\t\t\t\t\t\t\t\t\t\t\t<input id=\"mod-c1-b\" name=\"bform[reqRooms][1][child]\" type=\"number\" value=\"0\" placeholder=\"numero bambini\" class=\"form-control checknumberB\">\r\n\t\t\t\t\t\t\t\t\t\t\t\t<\/div>\r\n\t\t\t\t\t\t\t\t\t\t\t<\/div>\r\n\t\t\t\t\t\t\t\t\t\t\t<div class=\"col-xs-4 fix4sx\">\r\n\t\t\t\t\t\t\t\t\t\t\t\t<div class=\"form-group intooltip hide\">\r\n\t\t\t\t\t\t\t\t\t\t\t\t\t<label class=\"myl\"><span tkey=\"eta\">Alter<\/span> 1<\/label>\r\n\t\t\t\t\t\t\t\t\t\t\t\t\t<input id=\"mod-c1-e1\" name=\"bform[reqRooms][1][childAge][1]\" type=\"number\" value=\"0\" placeholder=\"et\u00e01\" class=\"eta1 campo-eta form-control\" disabled=\"\">\r\n\t\t\t\t\t\t\t\t\t\t\t\t<\/div>\r\n\t\t\t\t\t\t\t\t\t\t\t<\/div>\r\n\t\t\t\t\t\t\t\t\t\t\t<div class=\"col-xs-4\">\r\n\t\t\t\t\t\t\t\t\t\t\t\t<div class=\"form-group intooltip hide\">\r\n\t\t\t\t\t\t\t\t\t\t\t\t\t<label class=\"myl\"><span tkey=\"eta\">Alter<\/span> 2<\/label>\r\n\t\t\t\t\t\t\t\t\t\t\t\t\t<input id=\"mod-c1-e2\" name=\"bform[reqRooms][1][childAge][2]\" type=\"number\" value=\"0\" placeholder=\"et\u00e02\" class=\"eta2 campo-eta form-control\" disabled=\"\">\r\n\t\t\t\t\t\t\t\t\t\t\t\t<\/div>\r\n\t\t\t\t\t\t\t\t\t\t\t<\/div>\r\n\t\t\t\t\t\t\t\t\t\t\t<div class=\"col-xs-4 fix4dx\">\r\n\t\t\t\t\t\t\t\t\t\t\t\t<div class=\"form-group intooltip hide\">\r\n\t\t\t\t\t\t\t\t\t\t\t\t\t<label class=\"myl\"><span tkey=\"eta\">Alter<\/span> 3<\/label>\r\n\t\t\t\t\t\t\t\t\t\t\t\t\t<input id=\"mod-c1-e3\" name=\"bform[reqRooms][1][childAge][3]\" type=\"number\" value=\"0\" placeholder=\"et\u00e03\" class=\"eta3 campo-eta form-control\" disabled=\"\">\r\n\t\t\t\t\t\t\t\t\t\t\t\t<\/div>\r\n\t\t\t\t\t\t\t\t\t\t\t<\/div>\r\n\t\t\t\t\t\t\t\t\t\t<\/div>\r\n\t\t\t\t\t\t\t\t\t\t<!-- CAMERA 2 -->\r\n\t\t\t\t\t\t\t\t\t\t<div id=\"camera-row2\" class=\"col-xs-12 hide\">\r\n\t\t\t\t\t\t\t\t\t\t\t<div class=\"separatore\"><\/div>\r\n\t\t\t\t\t\t\t\t\t\t\t<label class=\"col-xs-12 backgroundlabel myl\"><span tkey=\"camera\">Zimmer<\/span> 2<\/label>\r\n\t\t\t\t\t\t\t\t\t\t\t<hr style=\"width:95%; margin:10px auto;\" \/>\r\n\t\t\t\t\t\t\t\t\t\t\t<div class=\"col-xs-6\">\r\n\t\t\t\t\t\t\t\t\t\t\t\t<div class=\"form-group intooltip\">\r\n\t\t\t\t\t\t\t\t\t\t\t\t\t<label class=\"myl\"><span tkey=\"adulti\">Erw.<\/span><\/label>\r\n\t\t\t\t\t\t\t\t\t\t\t\t\t<input id=\"mod-c2-a\" name=\"bform[reqRooms][2][adults]\" type=\"number\" placeholder=\"numero adulti\" class=\"form-control checknumberA\" disabled=\"\">\r\n\t\t\t\t\t\t\t\t\t\t\t\t<\/div>\r\n\t\t\t\t\t\t\t\t\t\t\t<\/div>\r\n\t\t\t\t\t\t\t\t\t\t\t<div class=\"col-xs-6\">\r\n\t\t\t\t\t\t\t\t\t\t\t\t<div class=\"form-group intooltip\">\r\n\t\t\t\t\t\t\t\t\t\t\t\t\t<label class=\"myl\"><span tkey=\"bambini\">Kinder<\/span><\/label>\r\n\t\t\t\t\t\t\t\t\t\t\t\t\t<input id=\"mod-c2-b\" name=\"bform[reqRooms][2][child]\" type=\"number\" placeholder=\"numero bambini\" class=\"form-control checknumberB\" disabled=\"\">\r\n\t\t\t\t\t\t\t\t\t\t\t\t<\/div>\r\n\t\t\t\t\t\t\t\t\t\t\t<\/div>\r\n\t\t\t\t\t\t\t\t\t\t\t<div class=\"col-xs-4\">\r\n\t\t\t\t\t\t\t\t\t\t\t\t<div class=\"form-group intooltip hide\">\r\n\t\t\t\t\t\t\t\t\t\t\t\t\t<label class=\"myl\"><span tkey=\"eta\">Alter<\/span> 1<\/label>\r\n\t\t\t\t\t\t\t\t\t\t\t\t\t<input id=\"mod-c2-e1\" name=\"bform[reqRooms][2][childAge][1]\" type=\"number\" placeholder=\"et\u00e01\" class=\"eta1 campo-eta form-control\" disabled=\"\">\r\n\t\t\t\t\t\t\t\t\t\t\t\t<\/div>\r\n\t\t\t\t\t\t\t\t\t\t\t<\/div>\r\n\t\t\t\t\t\t\t\t\t\t\t<div class=\"col-xs-4\">\r\n\t\t\t\t\t\t\t\t\t\t\t\t<div class=\"form-group intooltip hide\">\r\n\t\t\t\t\t\t\t\t\t\t\t\t\t<label class=\"myl\"><span tkey=\"eta\">Alter<\/span> 2<\/label>\r\n\t\t\t\t\t\t\t\t\t\t\t\t\t<input id=\"mod-c2-e2\" name=\"bform[reqRooms][2][childAge][2]\" type=\"number\" placeholder=\"et\u00e02\" class=\"eta2 campo-eta form-control\" disabled=\"\">\r\n\t\t\t\t\t\t\t\t\t\t\t\t<\/div>\r\n\t\t\t\t\t\t\t\t\t\t\t<\/div>\r\n\t\t\t\t\t\t\t\t\t\t\t<div class=\"col-xs-4\">\r\n\t\t\t\t\t\t\t\t\t\t\t\t<div class=\"form-group intooltip hide\">\r\n\t\t\t\t\t\t\t\t\t\t\t\t\t<label class=\"myl\"><span tkey=\"eta\">Alter<\/span> 3<\/label>\r\n\t\t\t\t\t\t\t\t\t\t\t\t\t<input id=\"mod-c2-e3\" name=\"bform[reqRooms][2][childAge][3]\" type=\"number\" placeholder=\"et\u00e03\" class=\"eta3 campo-eta form-control\" disabled=\"\">\r\n\t\t\t\t\t\t\t\t\t\t\t\t<\/div>\r\n\t\t\t\t\t\t\t\t\t\t\t<\/div>\r\n\t\t\t\t\t\t\t\t\t\t<\/div>\r\n\t\t\t\t\t\t\t\t\t\t<!-- CAMERA 3 -->\r\n\t\t\t\t\t\t\t\t\t\t<div id=\"camera-row3\" class=\"col-xs-12 hide\">\r\n\t\t\t\t\t\t\t\t\t\t\t<div class=\"separatore\"><\/div>\r\n\t\t\t\t\t\t\t\t\t\t\t<label class=\"col-xs-12 backgroundlabel myl\"><span tkey=\"camera\">Zimmer<\/span> 3<\/label>\r\n\t\t\t\t\t\t\t\t\t\t\t<hr style=\"width:95%; margin:10px auto;\" \/>\r\n\t\t\t\t\t\t\t\t\t\t\t<div class=\"col-xs-6\">\r\n\t\t\t\t\t\t\t\t\t\t\t\t<div class=\"form-group intooltip\">\r\n\t\t\t\t\t\t\t\t\t\t\t\t\t<label class=\"myl\"><span tkey=\"adulti\">Erw.<\/span><\/label>\r\n\t\t\t\t\t\t\t\t\t\t\t\t\t<input id=\"mod-c3-a\" name=\"bform[reqRooms][3][adults]\" type=\"number\" placeholder=\"numero adulti\" class=\"form-control checknumberA\" disabled=\"\">\r\n\t\t\t\t\t\t\t\t\t\t\t\t<\/div>\r\n\t\t\t\t\t\t\t\t\t\t\t<\/div>\r\n\t\t\t\t\t\t\t\t\t\t\t<div class=\"col-xs-6\">\r\n\t\t\t\t\t\t\t\t\t\t\t\t<div class=\"form-group intooltip\">\r\n\t\t\t\t\t\t\t\t\t\t\t\t\t<label class=\"myl\"><span tkey=\"bambini\">Kinder<\/span><\/label>\r\n\t\t\t\t\t\t\t\t\t\t\t\t\t<input id=\"mod-c3-b\" name=\"bform[reqRooms][3][child]\" type=\"number\" placeholder=\"numero bambini\" class=\"form-control checknumberB\" disabled=\"\">\r\n\t\t\t\t\t\t\t\t\t\t\t\t<\/div>\r\n\t\t\t\t\t\t\t\t\t\t\t<\/div>\r\n\t\t\t\t\t\t\t\t\t\t\t<div class=\"col-xs-4\">\r\n\t\t\t\t\t\t\t\t\t\t\t\t<div class=\"form-group intooltip hide\">\r\n\t\t\t\t\t\t\t\t\t\t\t\t\t<label class=\"myl\"><span tkey=\"eta\">Alter<\/span> 1<\/label>\r\n\t\t\t\t\t\t\t\t\t\t\t\t\t<input id=\"mod-c3-e1\" name=\"bform[reqRooms][3][childAge][1]\" type=\"number\" placeholder=\"et\u00e01\" class=\"eta1 campo-eta form-control\" disabled=\"\">\r\n\t\t\t\t\t\t\t\t\t\t\t\t<\/div>\r\n\t\t\t\t\t\t\t\t\t\t\t<\/div>\r\n\t\t\t\t\t\t\t\t\t\t\t<div class=\"col-xs-4\">\r\n\t\t\t\t\t\t\t\t\t\t\t\t<div class=\"form-group intooltip hide\">\r\n\t\t\t\t\t\t\t\t\t\t\t\t\t<label class=\"myl\"><span tkey=\"eta\">Alter<\/span> 2<\/label>\r\n\t\t\t\t\t\t\t\t\t\t\t\t\t<input id=\"mod-c3-e2\" name=\"bform[reqRooms][3][childAge][2]\" type=\"number\" placeholder=\"et\u00e02\" class=\"eta2 campo-eta form-control\" disabled=\"\">\r\n\t\t\t\t\t\t\t\t\t\t\t\t<\/div>\r\n\t\t\t\t\t\t\t\t\t\t\t<\/div>\r\n\t\t\t\t\t\t\t\t\t\t\t<div class=\"col-xs-4\">\r\n\t\t\t\t\t\t\t\t\t\t\t\t<div class=\"form-group intooltip hide\">\r\n\t\t\t\t\t\t\t\t\t\t\t\t\t<label class=\"myl\"><span tkey=\"eta\">Alter<\/span> 3<\/label>\r\n\t\t\t\t\t\t\t\t\t\t\t\t\t<input id=\"mod-c3-e3\" name=\"bform[reqRooms][3][childAge][3]\" type=\"number\" placeholder=\"et\u00e03\" class=\"eta3 campo-eta form-control\" disabled=\"\">\r\n\t\t\t\t\t\t\t\t\t\t\t\t<\/div>\r\n\t\t\t\t\t\t\t\t\t\t\t<\/div>\r\n\t\t\t\t\t\t\t\t\t\t<\/div>\r\n\t\t\t\t\t\t\t\t\t\t<!-- CAMERA 4 -->\r\n\t\t\t\t\t\t\t\t\t\t<div id=\"camera-row4\" class=\"col-xs-12 hide\">\r\n\t\t\t\t\t\t\t\t\t\t\t<div class=\"separatore\"><\/div>\r\n\t\t\t\t\t\t\t\t\t\t\t<label class=\"col-xs-12 backgroundlabel myl\"><span tkey=\"camera\">Zimmer<\/span> 4<\/label>\r\n\t\t\t\t\t\t\t\t\t\t\t<hr style=\"width:95%; margin:10px auto;\" \/>\r\n\t\t\t\t\t\t\t\t\t\t\t<div class=\"col-xs-6\">\r\n\t\t\t\t\t\t\t\t\t\t\t\t<div class=\"form-group intooltip\">\r\n\t\t\t\t\t\t\t\t\t\t\t\t\t<label class=\"myl\"><span tkey=\"adulti\">Erw.<\/span><\/label>\r\n\t\t\t\t\t\t\t\t\t\t\t\t\t<input id=\"mod-c4-a\" name=\"bform[reqRooms][4][adults]\" type=\"number\" placeholder=\"numero adulti\" class=\"form-control checknumberA\" disabled=\"\">\r\n\t\t\t\t\t\t\t\t\t\t\t\t<\/div>\r\n\t\t\t\t\t\t\t\t\t\t\t<\/div>\r\n\t\t\t\t\t\t\t\t\t\t\t<div class=\"col-xs-6\">\r\n\t\t\t\t\t\t\t\t\t\t\t\t<div class=\"form-group intooltip\">\r\n\t\t\t\t\t\t\t\t\t\t\t\t\t<label class=\"myl\"><span tkey=\"bambini\">Kinder<\/span><\/label>\r\n\t\t\t\t\t\t\t\t\t\t\t\t\t<input id=\"mod-c4-b\" name=\"bform[reqRooms][4][child]\" type=\"number\" placeholder=\"numero bambini\" class=\"form-control checknumberB\" disabled=\"\">\r\n\t\t\t\t\t\t\t\t\t\t\t\t<\/div>\r\n\t\t\t\t\t\t\t\t\t\t\t<\/div>\r\n\t\t\t\t\t\t\t\t\t\t\t<div class=\"col-xs-4\">\r\n\t\t\t\t\t\t\t\t\t\t\t\t<div class=\"form-group intooltip hide\">\r\n\t\t\t\t\t\t\t\t\t\t\t\t\t<label class=\"myl\"><span tkey=\"eta\">Alter<\/span> 1<\/label>\r\n\t\t\t\t\t\t\t\t\t\t\t\t\t<input id=\"mod-c4-e1\" name=\"bform[reqRooms][4][childAge][1]\" type=\"number\" placeholder=\"et\u00e01\" class=\"eta1 campo-eta form-control\" disabled=\"\">\r\n\t\t\t\t\t\t\t\t\t\t\t\t<\/div>\r\n\t\t\t\t\t\t\t\t\t\t\t<\/div>\r\n\t\t\t\t\t\t\t\t\t\t\t<div class=\"col-xs-4\">\r\n\t\t\t\t\t\t\t\t\t\t\t\t<div class=\"form-group intooltip hide\">\r\n\t\t\t\t\t\t\t\t\t\t\t\t\t<label class=\"myl\"><span tkey=\"eta\">Alter<\/span> 2<\/label>\r\n\t\t\t\t\t\t\t\t\t\t\t\t\t<input id=\"mod-c4-e2\" name=\"bform[reqRooms][4][childAge][2]\" type=\"number\" placeholder=\"et\u00e02\" class=\"eta2 campo-eta form-control\" disabled=\"\">\r\n\t\t\t\t\t\t\t\t\t\t\t\t<\/div>\r\n\t\t\t\t\t\t\t\t\t\t\t<\/div>\r\n\t\t\t\t\t\t\t\t\t\t\t<div class=\"col-xs-4\">\r\n\t\t\t\t\t\t\t\t\t\t\t\t<div class=\"form-group intooltip hide\">\r\n\t\t\t\t\t\t\t\t\t\t\t\t\t<label class=\"myl\"><span tkey=\"eta\">Alter<\/span> 1<\/label>\r\n\t\t\t\t\t\t\t\t\t\t\t\t\t<input id=\"mod-c4-e3\" name=\"bform[reqRooms][4][childAge][3]\" type=\"number\" placeholder=\"et\u00e03\" class=\"eta3 campo-eta form-control\" disabled=\"\">\r\n\t\t\t\t\t\t\t\t\t\t\t\t<\/div>\r\n\t\t\t\t\t\t\t\t\t\t\t<\/div>\r\n\t\t\t\t\t\t\t\t\t\t<\/div>\r\n\t\t\t\t\t\t\t\t\t\t<div class=\"clearfix\"><\/div>\r\n\t\t\t\t\t\t\t\t\t<\/div>\r\n\t\t\t\t\t\t\t\t\t<div class=\"modal-footer\">\r\n\t\t\t\t\t\t\t\t\t\t<div class=\"col-sm-2 text-center\" style=\"margin:auto; float:unset;\">\r\n\t\t\t\t\t\t\t\t\t\t\t<div class=\"btn-group\">\t\t\t\t\t\t\t\t\t\t\t\t\t\t\r\n\t\t\t\t\t\t\t\t\t\t\t\t<button type=\"button\" class=\"btn btn-default center-block\" onclick=\"salvaModal()\"><span id=\"animation\" tkey=\"salva\">Speichern<\/span><\/button>\r\n\t\t\t\t\t\t\t\t\t\t\t<\/div>\r\n\t\t\t\t\t\t\t\t\t\t<\/div>\r\n\t\t\t\t\t\t\t\t\t<\/div>\r\n\t\t\t\t\t\t\t\t<\/div>\r\n\t\t\t\t\t\t\t<\/div>\r\n\t\t\t\t\t\t<\/div>\r\n\t\t\t\t\t<\/div>\r\n\t\t\t\t\t<!-- button submit animato -->\t\t\t\t\t\t\t\r\n\t\t\t\t\t<div id=\"divCerca\" class=\"col-xs-12 col-sm-6 col-md-3 datiMotore\">\r\n\t\t\t\t\t\t<div class=\"controls\">\r\n\r\n\t\t\t\t\t\t\t<button id=\"cerca\" type=\"submit\" value=\"Submit\" class=\"col-1-4 formSearchBtn\">\r\n\t\t\t\t\t\t\t\t<div class=\"bottone-normale\">\r\n\t\t\t\t\t\t\t\t\t<span tkey=\"cerca\">Suchen<\/span>\r\n\t\t\t\t\t\t\t\t<\/div>\r\n\t\t\t\t\t\t\t\t<div style=\"display:none\" class=\"bottone-loading\">\r\n\t\t\t\t\t\t\t\t\tLoading\r\n\r\n\t\t\t\t\t\t\t\t\t<svg version=\"1.1\" id=\"loadingSvg\" xmlns=\"http:\/\/www.w3.org\/2000\/svg\" xmlns:xlink=\"http:\/\/www.w3.org\/1999\/xlink\" x=\"0px\" y=\"0px\" viewBox=\"0 0 100 100\" enable-background=\"new 0 0 0 0\" xml:space=\"preserve\">\r\n\t\t\t\t\t\t\t\t\t\t<circle fill=\"#fff\" stroke=\"none\" cx=\"6\" cy=\"50\" r=\"6\">\r\n\t\t\t\t\t\t\t\t\t\t\t<animateTransform attributeName=\"transform\" dur=\"1s\" type=\"translate\" values=\"0 15 ; 0 -15; 0 15\" repeatCount=\"indefinite\" begin=\"0.1\"><\/animateTransform>\r\n\t\t\t\t\t\t\t\t\t\t<\/circle>\r\n\t\t\t\t\t\t\t\t\t\t<circle fill=\"#fff\" stroke=\"none\" cx=\"30\" cy=\"50\" r=\"6\">\r\n\t\t\t\t\t\t\t\t\t\t\t<animateTransform attributeName=\"transform\" dur=\"1s\" type=\"translate\" values=\"0 10 ; 0 -10; 0 10\" repeatCount=\"indefinite\" begin=\"0.2\"><\/animateTransform>\r\n\t\t\t\t\t\t\t\t\t\t<\/circle>\r\n\t\t\t\t\t\t\t\t\t\t<circle fill=\"#fff\" stroke=\"none\" cx=\"54\" cy=\"50\" r=\"6\">\r\n\t\t\t\t\t\t\t\t\t\t\t<animateTransform attributeName=\"transform\" dur=\"1s\" type=\"translate\" values=\"0 5 ; 0 -5; 0 5\" repeatCount=\"indefinite\" begin=\"0.3\"><\/animateTransform>\r\n\t\t\t\t\t\t\t\t\t\t<\/circle>\r\n\t\t\t\t\t\t\t\t\t<\/svg>\r\n\t\t\t\t\t\t\t\t<\/div>\r\n\t\t\t\t\t\t\t\t<svg version=\"1.1\" class=\"svgIco svgIcoLensFat\" xmlns=\"http:\/\/www.w3.org\/2000\/svg\" xmlns:xlink=\"http:\/\/www.w3.org\/1999\/xlink\" x=\"0px\" y=\"0px\" viewBox=\"0 0 250.313 250.313\" width=\"20px\" height=\"20px\" style=\"enable-background:new 0 0 250.313 250.313;\" xml:space=\"preserve\">\r\n\t\t\t\t\t\t\t\t\t<g>\r\n\t\t\t\t\t\t\t\t\t\t<path d=\"M244.186,214.604l-54.379-54.378c-0.289-0.289-0.628-0.491-0.93-0.76\r\n\t\t\t\t\t\t\t\t\t\t\t\t\t\t c10.7-16.231,16.945-35.66,16.945-56.554C205.822,46.075,159.747,0,102.911,0S0,46.075,0,102.911\r\n\t\t\t\t\t\t\t\t\t\t\t\t\t\t c0,56.835,46.074,102.911,102.91,102.911c20.895,0,40.323-6.245,56.554-16.945c0.269,0.301,0.47,0.64,0.759,0.929l54.38,54.38\r\n\t\t\t\t\t\t\t\t\t\t\t\t\t\t c8.169,8.168,21.413,8.168,29.583,0C252.354,236.017,252.354,222.773,244.186,214.604z M102.911,170.146\r\n\t\t\t\t\t\t\t\t\t\t\t\t\t\t c-37.134,0-67.236-30.102-67.236-67.235c0-37.134,30.103-67.236,67.236-67.236c37.132,0,67.235,30.103,67.235,67.236\r\n\t\t\t\t\t\t\t\t\t\t\t\t\t\t C170.146,140.044,140.043,170.146,102.911,170.146z\"><\/path>\r\n\t\t\t\t\t\t\t\t\t<\/g>\r\n\t\t\t\t\t\t\t\t<\/svg>\r\n\t\t\t\t\t\t\t\t<svg version=\"1.1\" class=\"svgIco svgIcoArrowLeft\" xmlns=\"http:\/\/www.w3.org\/2000\/svg\" xmlns:xlink=\"http:\/\/www.w3.org\/1999\/xlink\" x=\"0px\" y=\"0px\" width=\"20px\" height=\"20px\" viewBox=\"0 0 493.578 493.578\" style=\"enable-background:new 0 0 493.578 493.578;\" xml:space=\"preserve\">\r\n\t\t\t\t\t\t\t\t\t<g>\r\n\t\t\t\t\t\t\t\t\t\t<path d=\"M487.267,225.981c0-17.365-13.999-31.518-31.518-31.518H194.501L305.35,83.615c12.24-12.24,12.24-32.207,0-44.676\r\n\t\t\t\t\t\t\t\t\t\t\t\t\t\t L275.592,9.18c-12.24-12.24-32.207-12.24-44.676,0L15.568,224.527c-6.12,6.12-9.256,14.153-9.256,22.262\r\n\t\t\t\t\t\t\t\t\t\t\t\t\t\t c0,8.032,3.136,16.142,9.256,22.262l215.348,215.348c12.24,12.239,32.207,12.239,44.676,0l29.758-29.759\r\n\t\t\t\t\t\t\t\t\t\t\t\t\t\t c12.24-12.24,12.24-32.207,0-44.676L194.501,299.498h261.094c17.366,0,31.519-14.153,31.519-31.519L487.267,225.981z\"><\/path>\r\n\t\t\t\t\t\t\t\t\t<\/g>\r\n\t\t\t\t\t\t\t\t<\/svg>\t\r\n\t\t\t\t\t\t\t<\/button>\r\n\r\n\t\t\t\t\t\t<\/div>\r\n\t\t\t\t\t<\/div>\r\n\t\t\t\t<\/div>\r\n\t\t\t\t<!-- \/.row -->\r\n\t\t\t<\/div>\r\n\t\t\t<!-- \/.form-group -->\r\n\t\t<\/form>\r\n\t<\/div>\r\n<\/div>\r\n<script src=\"https:\/\/maxcdn.bootstrapcdn.com\/bootstrap\/3.3.7\/js\/bootstrap.min.js\" integrity=\"sha384-Tc5IQib027qvyjSMfHjOMaLkfuWVxZxUPnCJA7l2mCWNIpG9mGCD8wGNIcPD7Txa\" crossorigin=\"anonymous\"><\/script>\r\n<script src=\"https:\/\/cdnjs.cloudflare.com\/ajax\/libs\/bootstrap-datepicker\/1.9.0\/js\/bootstrap-datepicker.min.js\"><\/script>\r\n<script src=\"https:\/\/cdnjs.cloudflare.com\/ajax\/libs\/bootstrap-datepicker\/1.9.0\/locales\/bootstrap-datepicker.de.min.js\"><\/script><\/div><\/div><\/div><\/div><div id=\"pg-269-1\"  class=\"panel-grid panel-no-style\" ><div id=\"pgc-269-1-0\"  class=\"panel-grid-cell\" ><div id=\"panel-269-1-0-0\" class=\"so-panel widget widget_text panel-first-child panel-last-child\" data-index=\"1\" >\t\t\t<div class=\"textwidget\"><h4 class=\"big_text\">Margidore<\/h4>\n<p>Wenige hundert Meter vom Strand Lacona entfernt liegt der Strand Margidore in der Gemeinde Capoliveri. Es handelt sich um einen sch\u00f6nen, mehr als 750 Meter langen Strand, der sich vor dem Golfo Stella in s\u00fcd\u00f6stlicher Richtung \u00f6ffnet. Der Strand ist von der Stra\u00dfe nach Lacona aus leicht zu erreichen und bietet Dienstleistungen wie eine Bar, ein Restaurant, eine Surfschule, ein Tauchzentrum und sogar einen kleinen Hafen auf der rechten Seite. Der Strand ist bis auf einen kleinen zentralen Abschnitt frei und eignet sich hervorragend f\u00fcr alle, die Ruhe und Entspannung suchen. Die Beschaffenheit des Strandes ist insofern ungew\u00f6hnlich, als er aus kleinen, gut geschliffenen Kieselsteinen von unterschiedlicher, aber mitteldunkler Farbe besteht, die an einigen Stellen Platz f\u00fcr Sandfl\u00e4chen lassen.<\/p>\n<\/div>\n\t\t<\/div><\/div><\/div><div id=\"pg-269-2\"  class=\"panel-grid panel-no-style\" ><div id=\"pgc-269-2-0\"  class=\"panel-grid-cell\" ><div id=\"panel-269-2-0-0\" class=\"so-panel widget widget_media_image panel-first-child panel-last-child\" data-index=\"2\" ><img loading=\"lazy\" decoding=\"async\" width=\"590\" height=\"130\" src=\"https:\/\/www.alberghielba.net\/wp-content\/uploads\/2023\/04\/margidore.jpg\" class=\"image wp-image-271  attachment-full size-full\" alt=\"\" style=\"max-width: 100%; height: auto;\" srcset=\"https:\/\/www.alberghielba.net\/wp-content\/uploads\/2023\/04\/margidore.jpg 590w, https:\/\/www.alberghielba.net\/wp-content\/uploads\/2023\/04\/margidore-300x66.jpg 300w\" sizes=\"auto, (max-width: 590px) 100vw, 590px\" \/><\/div><\/div><\/div><div id=\"pg-269-3\"  class=\"panel-grid panel-no-style\" ><div id=\"pgc-269-3-0\"  class=\"panel-grid-cell\" ><div id=\"panel-269-3-0-0\" class=\"so-panel widget widget_text panel-first-child panel-last-child\" data-index=\"3\" >\t\t\t<div class=\"textwidget\"><p>Der Strand von Margidore wird von der Landzunge von Capo Stella begrenzt, einer langen Landzunge, die den Golf von Stella vom Golf von Lacona trennt. Es ist eines der interessantesten Ausflugsziele, das atemberaubende Ausblicke und Panoramen bietet, und wir empfehlen einen Besuch: die beste Zeit f\u00fcr einen Ausflug ist im Fr\u00fchling, w\u00e4hrend der Bl\u00fcte der Ginster, die eine wirklich suggestive Atmosph\u00e4re schaffen&#8230; Der Legende nach wollte Napoleon das gesamte Gebiet abz\u00e4unen lassen, um es zu einem exklusiven Jagdgebiet zu machen.<\/p>\n<p>&nbsp;<\/p>\n<h4 class=\"big_text\">Laconella<\/h4>\n<p>Unmittelbar nach Lacona, auf der Stra\u00dfe nach Marina di Campo, etwa 3 km vom Hotel Capo di Stella entfernt, befindet sich der Strand Laconella. Der Strand kann bis zu einem bestimmten Punkt mit dem Auto erreicht werden, dann muss man zu Fu\u00df weitergehen und einem Weg von etwa hundert Metern folgen, bis man das Meer erreicht. Aber die Anstrengung dieses Spaziergangs wird sich lohnen: der Strand ist klein, aber zauberhaft, besteht aus feinem wei\u00dfen Sand und wird von einer Klippe aus glatten wei\u00dfen Steinen begrenzt.<\/p>\n<\/div>\n\t\t<\/div><\/div><\/div><div id=\"pg-269-4\"  class=\"panel-grid panel-no-style\" ><div id=\"pgc-269-4-0\"  class=\"panel-grid-cell\" ><div id=\"panel-269-4-0-0\" class=\"so-panel widget widget_media_image panel-first-child panel-last-child\" data-index=\"4\" ><img loading=\"lazy\" decoding=\"async\" width=\"590\" height=\"130\" src=\"https:\/\/www.alberghielba.net\/wp-content\/uploads\/2023\/04\/laconella.jpg\" class=\"image wp-image-272  attachment-full size-full\" alt=\"\" style=\"max-width: 100%; height: auto;\" srcset=\"https:\/\/www.alberghielba.net\/wp-content\/uploads\/2023\/04\/laconella.jpg 590w, https:\/\/www.alberghielba.net\/wp-content\/uploads\/2023\/04\/laconella-300x66.jpg 300w\" sizes=\"auto, (max-width: 590px) 100vw, 590px\" \/><\/div><\/div><\/div><div id=\"pg-269-5\"  class=\"panel-grid panel-no-style\" ><div id=\"pgc-269-5-0\"  class=\"panel-grid-cell\" ><div id=\"panel-269-5-0-0\" class=\"so-panel widget widget_text panel-first-child panel-last-child\" data-index=\"5\" >\t\t\t<div class=\"textwidget\"><p>Der Meeresboden ist langsam abfallend und sandig und eignet sich daher gut f\u00fcr Kinderspiele, aber auch f\u00fcr Erwachsene, die gerne schnorcheln und bei der Umrundung der &#8222;Contessa-Felsen&#8220; in Richtung des Lacona-Strandes eine Vielzahl von Fischen und die zahlreiche Meeresfauna bewundern k\u00f6nnen, die dieses Gebiet bev\u00f6lkert.<\/p>\n<\/div>\n\t\t<\/div><\/div><\/div><\/div>","protected":false},"excerpt":{"rendered":"<p>Margidore Wenige hundert Meter vom Strand Lacona entfernt liegt der Strand Margidore in der Gemeinde Capoliveri. Es handelt sich um einen sch\u00f6nen, mehr als 750 Meter langen Strand, der sich vor dem Golfo Stella in s\u00fcd\u00f6stlicher Richtung \u00f6ffnet. Der Strand ist von der Stra\u00dfe nach Lacona aus leicht zu erreichen und bietet Dienstleistungen wie eine Bar, ein Restaurant, eine Surfschule, ein Tauchzentrum und sogar einen kleinen Hafen auf der rechten Seite. Der Strand ist bis auf einen kleinen zentralen Abschnitt frei und eignet sich hervorragend f\u00fcr alle, die Ruhe und Entspannung suchen. Die Beschaffenheit des Strandes ist insofern ungew\u00f6hnlich, als&#8230; <\/p>\n","protected":false},"author":1,"featured_media":0,"parent":0,"menu_order":0,"comment_status":"closed","ping_status":"closed","template":"template-full-width.php","meta":{"inline_featured_image":false,"footnotes":""},"class_list":["post-269","page","type-page","status-publish","hentry"],"aioseo_notices":[],"_links":{"self":[{"href":"https:\/\/www.alberghielba.net\/de\/wp-json\/wp\/v2\/pages\/269","targetHints":{"allow":["GET"]}}],"collection":[{"href":"https:\/\/www.alberghielba.net\/de\/wp-json\/wp\/v2\/pages"}],"about":[{"href":"https:\/\/www.alberghielba.net\/de\/wp-json\/wp\/v2\/types\/page"}],"author":[{"embeddable":true,"href":"https:\/\/www.alberghielba.net\/de\/wp-json\/wp\/v2\/users\/1"}],"replies":[{"embeddable":true,"href":"https:\/\/www.alberghielba.net\/de\/wp-json\/wp\/v2\/comments?post=269"}],"version-history":[{"count":7,"href":"https:\/\/www.alberghielba.net\/de\/wp-json\/wp\/v2\/pages\/269\/revisions"}],"predecessor-version":[{"id":703,"href":"https:\/\/www.alberghielba.net\/de\/wp-json\/wp\/v2\/pages\/269\/revisions\/703"}],"wp:attachment":[{"href":"https:\/\/www.alberghielba.net\/de\/wp-json\/wp\/v2\/media?parent=269"}],"curies":[{"name":"wp","href":"https:\/\/api.w.org\/{rel}","templated":true}]}}